{"id":13,"date":"2019-07-19T11:04:48","date_gmt":"2019-07-19T11:04:48","guid":{"rendered":"https:\/\/websites.fraunhofer.de\/Sappan\/?page_id=13"},"modified":"2026-02-03T12:15:43","modified_gmt":"2026-02-03T12:15:43","slug":"impressum","status":"publish","type":"page","link":"https:\/\/sappan-project.eu\/?page_id=13","title":{"rendered":"Imprint"},"content":{"rendered":"\t\t<div data-elementor-type=\"wp-page\" data-elementor-id=\"13\" class=\"elementor elementor-13\">\n\t\t\t\t\t\t<section class=\"elementor-section elementor-top-section elementor-element elementor-element-79c3124 elementor-section-boxed elementor-section-height-default elementor-section-height-default\" data-id=\"79c3124\" data-element_type=\"section\" data-e-type=\"section\">\n\t\t\t\t\t\t<div class=\"elementor-container elementor-column-gap-default\">\n\t\t\t\t\t<div class=\"elementor-column elementor-col-100 elementor-top-column elementor-element elementor-element-5616f33a\" data-id=\"5616f33a\" data-element_type=\"column\" data-e-type=\"column\">\n\t\t\t<div class=\"elementor-widget-wrap elementor-element-populated\">\n\t\t\t\t\t\t<div class=\"elementor-element elementor-element-67724d3e elementor-widget elementor-widget-text-editor\" data-id=\"67724d3e\" data-element_type=\"widget\" data-e-type=\"widget\" data-widget_type=\"text-editor.default\">\n\t\t\t\t<div class=\"elementor-widget-container\">\n\t\t\t\t\t\t\t\t\t<p><\/p>\n<h2 class=\"wp-block-heading\">Editorial Notes <\/h2>\n<p><\/p>\n<p><\/p>\n<p>The<br><br>Fraunhofer Institute for Applied Information Technology FIT&nbsp;<br>Schloss Birlinghoven<br>53757 Sankt Augustin, Germany<\/p>\n<p><\/p>\n<p><\/p>\n<p>is a constituent entity of the Fraunhofer-Gesellschaft, and as such has no separate legal status.<\/p>\n<p><\/p>\n<p><\/p>\n<p>Fraunhofer-Gesellschaft&nbsp;<br>zur F\u00f6rderung der angewandten Forschung e.V.<br>Hansastra\u00dfe 27 c<br>80686 M\u00fcnchen<br>Internet: <a href=\"http:\/\/www.fraunhofer.de\/\" target=\"_blank\" rel=\"noreferrer noopener\">www.fraunhofer.de<\/a><br>E-Mail: info(at)zv.fraunhofer.de<\/p>\n<p><\/p>\n<p><\/p>\n<p><strong>VAT identification number<\/strong> in accordance with section 27 a of the German VAT Act (Umsatzsteuergesetz, UStG: DE 129515865<\/p>\n<p><\/p>\n<p><b>Responsible editor:<\/b><br>Alex Deeg<br>info@fit.fraunhofer.de<br>Phone: +49 2241 14-3333<\/p>\n<p><br><\/p>\n<p><\/p>\n<p><\/p>\n<h2 class=\"wp-block-heading\">Court of jurisdiction <\/h2>\n<p><\/p>\n<p><\/p>\n<p>Amtsgericht M\u00fcnchen (district court)<br>Registered nonprofit association<br>Registration no. VR 4461<\/p>\n<p><\/p>\n<p><\/p>\n<p><\/p>\n<p><\/p>\n<h2 class=\"wp-block-heading\">Executive Board <\/h2>\n<p><\/p>\n<p><\/p>\n<p><strong>Prof. Holger Hanselka<\/strong>&nbsp;| President<strong><br>Prof. Constantin H\u00e4fner<\/strong>&nbsp;| Member of the executive board<strong><br>Prof. Axel M\u00fcller-Groeling<\/strong>&nbsp;| Member of the executive board<br><strong>Elisabeth Ewen<\/strong>&nbsp;| Member of the executive board<strong><br>Dr. Sandra Krey<\/strong>&nbsp;| Member of the executive board<\/p>\n<p><\/p>\n<p><\/p>\n<h2 class=\"wp-block-heading\">Usage Rights <\/h2>\n<p><\/p>\n<p><\/p>\n<p>\u00a9 Fraunhofer-Gesellschaft e. V., Munich<br><br>All rights reserved.&nbsp;<\/p>\n<p><\/p>\n<p><\/p>\n<p>The copyright to this website is held by the Fraunhofer-Gesellschaft.<\/p>\n<p><\/p>\n<p><\/p>\n<p>Permission is granted to download or print material published on this site for personal use only. Its use for any other purpose, and in particular its commercial use or distribution, are strictly forbidden in the absence of prior written approval.<\/p>\n<p><\/p>\n<p><\/p>\n<p>Notwithstanding this requirement, material may be downloaded or printed for use in connection with press reports on the activities of the Fraunhofer-Gesellschaft and its constituent institutes, on condition that the following terms are complied with:<\/p>\n<p><\/p>\n<p><\/p>\n<p>No alterations may be made to pictorial content, with the exception of framing modifications to emphasize the central motif. The source must be quoted, and two free reference copies must be sent to the above-mentioned address. Such usage is free of charge.<\/p>\n<p><\/p>\n<p><\/p>\n<h2 class=\"wp-block-heading\">Disclaimer <\/h2>\n<p><\/p>\n<p><\/p>\n<p>We cannot assume any liability for the content of external pages. Solely the operators of those linked pages are responsible for their content.<\/p>\n<p><\/p>\n<p><\/p>\n<p>We make every reasonable effort to ensure that the content of this website is kept up to date and that it is accurate and complete. Nevertheless, the possibility of errors cannot be entirely ruled out. We do not give any warranty in respect of the timeliness, accuracy or completeness of material published on this website and disclaim all liability for (material or non-material) loss or damage incurred by third parties arising from the use of content obtained from the website.<\/p>\n<p><\/p>\n<p><\/p>\n<p>Registered trademarks and proprietary names, and copyrighted text and images, are not generally indicated as such on our webpages. But the absence of such indications in no way implies that these names, images or text belong to the public domain in the context of trademark or copyright law.<\/p>\n<p><\/p>\t\t\t\t\t\t\t\t<\/div>\n\t\t\t\t<\/div>\n\t\t\t\t\t<\/div>\n\t\t<\/div>\n\t\t\t\t\t<\/div>\n\t\t<\/section>\n\t\t\t\t<\/div>\n\t\t","protected":false},"excerpt":{"rendered":"<p>Editorial Notes The Fraunhofer Institute for Applied Information Technology FIT&nbsp;Schloss Birlinghoven53757 Sankt Augustin, Germany is a constituent entity of the Fraunhofer-Gesellschaft, and as such has no separate legal status. Fraunhofer-Gesellschaft&nbsp;zur F\u00f6rderung der angewandten Forschung e.V.Hansastra\u00dfe 27 c80686 M\u00fcnchenInternet: www.fraunhofer.deE-Mail: info(at)zv.fraunhofer.de VAT identification number in accordance with section 27 a of the German VAT Act (Umsatzsteuergesetz,&hellip;<\/p>\n","protected":false},"author":6,"featured_media":0,"parent":0,"menu_order":0,"comment_status":"closed","ping_status":"closed","template":"","meta":{"inline_featured_image":false,"footnotes":""},"coauthors":[9],"class_list":["post-13","page","type-page","status-publish","hentry","post"],"_links":{"self":[{"href":"https:\/\/sappan-project.eu\/index.php?rest_route=\/wp\/v2\/pages\/13","targetHints":{"allow":["GET"]}}],"collection":[{"href":"https:\/\/sappan-project.eu\/index.php?rest_route=\/wp\/v2\/pages"}],"about":[{"href":"https:\/\/sappan-project.eu\/index.php?rest_route=\/wp\/v2\/types\/page"}],"author":[{"embeddable":true,"href":"https:\/\/sappan-project.eu\/index.php?rest_route=\/wp\/v2\/users\/6"}],"replies":[{"embeddable":true,"href":"https:\/\/sappan-project.eu\/index.php?rest_route=%2Fwp%2Fv2%2Fcomments&post=13"}],"version-history":[{"count":20,"href":"https:\/\/sappan-project.eu\/index.php?rest_route=\/wp\/v2\/pages\/13\/revisions"}],"predecessor-version":[{"id":2292,"href":"https:\/\/sappan-project.eu\/index.php?rest_route=\/wp\/v2\/pages\/13\/revisions\/2292"}],"wp:attachment":[{"href":"https:\/\/sappan-project.eu\/index.php?rest_route=%2Fwp%2Fv2%2Fmedia&parent=13"}],"wp:term":[{"taxonomy":"author","embeddable":true,"href":"https:\/\/sappan-project.eu\/index.php?rest_route=%2Fwp%2Fv2%2Fcoauthors&post=13"}],"curies":[{"name":"wp","href":"https:\/\/api.w.org\/{rel}","templated":true}]}}